{"id":944,"date":"2022-04-17T22:50:52","date_gmt":"2022-04-17T20:50:52","guid":{"rendered":"https:\/\/fatima.robertschad.eu\/textes\/robert-schad-et-son-action-a-fatima\/"},"modified":"2023-01-04T22:29:30","modified_gmt":"2023-01-04T20:29:30","slug":"robert-schad-et-son-action-a-fatima","status":"publish","type":"page","link":"https:\/\/fatima.robertschad.eu\/fr\/textes\/robert-schad-et-son-action-a-fatima\/","title":{"rendered":"Robert Schad et son action \u00e0 F\u00e1tima"},"content":{"rendered":"<div class=\"wpb-content-wrapper\"><p>[vc_row unlock_row_content=\u00a0\u00bbyes\u00a0\u00bb row_height_percent=\u00a0\u00bb100&Prime; overlay_alpha=\u00a0\u00bb50&Prime; equal_height=\u00a0\u00bbyes\u00a0\u00bb gutter_size=\u00a0\u00bb3&Prime; column_width_percent=\u00a0\u00bb100&Prime; shift_y=\u00a0\u00bb0&Prime; z_index=\u00a0\u00bb0&Prime; uncode_shortcode_id=\u00a0\u00bb151996&Prime;][vc_column column_width_percent=\u00a0\u00bb100&Prime; gutter_size=\u00a0\u00bb3&Prime; back_image=\u00a0\u00bb129&Prime; overlay_alpha=\u00a0\u00bb50&Prime; shift_x=\u00a0\u00bb0&Prime; shift_y=\u00a0\u00bb0&Prime; shift_y_down=\u00a0\u00bb0&Prime; z_index=\u00a0\u00bb0&Prime; medium_width=\u00a0\u00bb0&Prime; mobile_width=\u00a0\u00bb0&Prime; width=\u00a0\u00bb1\/2&Prime; uncode_shortcode_id=\u00a0\u00bb119883&Prime; el_class=\u00a0\u00bbopener-image\u00a0\u00bb mobile_height=\u00a0\u00bb450&Prime;][\/vc_column][vc_column column_width_percent=\u00a0\u00bb100&Prime; position_vertical=\u00a0\u00bbmiddle\u00a0\u00bb gutter_size=\u00a0\u00bb3&Prime; overlay_alpha=\u00a0\u00bb50&Prime; shift_x=\u00a0\u00bb0&Prime; shift_y=\u00a0\u00bb0&Prime; shift_y_down=\u00a0\u00bb0&Prime; z_index=\u00a0\u00bb0&Prime; medium_width=\u00a0\u00bb0&Prime; mobile_width=\u00a0\u00bb0&Prime; width=\u00a0\u00bb1\/2&Prime; uncode_shortcode_id=\u00a0\u00bb172888&Prime;][vc_custom_heading uncode_shortcode_id=\u00a0\u00bb974588&Prime; subheading=\u00a0\u00bbAlexandros N. Tombazis\u00a0\u00bb]Robert Schad et son action \u00e0 F\u00e1tima[\/vc_custom_heading][\/vc_column][\/vc_row][vc_row][vc_column width=\u00a0\u00bb1\/1&Prime;][vc_column_text uncode_shortcode_id=\u00a0\u00bb135741&Prime;]J&rsquo;ai eu mon premier contact avec l&rsquo;\u0153uvre de Robert Schad il y a quelques ann\u00e9es, lors d&rsquo;une exposition \u00e0 Paris. J&rsquo;ai \u00e9t\u00e9 profond\u00e9ment impressionn\u00e9 et j&rsquo;ai regrett\u00e9 de ne pas l&rsquo;avoir rencontr\u00e9 plus t\u00f4t. J&rsquo;ai commenc\u00e9 \u00e0 penser que ce serait merveilleux de pouvoir un jour mettre sur pied un projet commun. Et puis, l&rsquo;occasion s&rsquo;est pr\u00e9sent\u00e9e avec l&rsquo;\u00e9glise de la Trinit\u00e9 \u00e0 Fatima. Toutefois, la voie n&rsquo;\u00e9tait pas libre tout de suite et tout n&rsquo;\u00e9tait pas boucl\u00e9 avant le d\u00e9but.<\/p>\n<p>Je me suis mis d&rsquo;accord avec le recteur du sanctuaire, Monseigneur Luciano Guerra, pour \u00e9tablir une liste d&rsquo;artistes de plusieurs pays (afin de donner une approche \u0153cum\u00e9nique \u00e0 l&rsquo;ensemble) qui soumettraient des propositions. La d\u00e9cision finale reviendrait alors au Santu\u00e1rio.[\/vc_column_text][\/vc_column][\/vc_row][vc_row row_height_percent=\u00a0\u00bb70&Prime; back_image=\u00a0\u00bb55&Prime; overlay_alpha=\u00a0\u00bb50&Prime; gutter_size=\u00a0\u00bb3&Prime; column_width_percent=\u00a0\u00bb100&Prime; shift_y=\u00a0\u00bb0&Prime; z_index=\u00a0\u00bb0&Prime; uncode_shortcode_id=\u00a0\u00bb146173&Prime; row_height_pixel=\u00a0\u00bb500&Prime;][vc_column width=\u00a0\u00bb1\/1&Prime;][\/vc_column][\/vc_row][vc_row][vc_column width=\u00a0\u00bb1\/1&Prime;][vc_column_text uncode_shortcode_id=\u00a0\u00bb839202&Prime;]Dans un premier temps, il a \u00e9t\u00e9 question de confier \u00e0 Robert Schad une \u0153uvre pour l&rsquo;int\u00e9rieur de l&rsquo;\u00e9glise, mais au vu de la puissance et de la monumentalit\u00e9 de son \u0153uvre, nous avons eu l&rsquo;id\u00e9e de lui confier la r\u00e9alisation d&rsquo;une croix de plus de 30 m\u00e8tres de haut devant la nouvelle \u00e9glise. Il devait surplomber la grande place libre pouvant accueillir jusqu&rsquo;\u00e0 un demi-million de personnes. L&rsquo;ensemble est marqu\u00e9 par un puissant axe central qui part de la \u00ab\u00a0vieille\u00a0\u00bb basilique, passe par le centre de la nouvelle construction circulaire de 125 m\u00e8tres de diam\u00e8tre et se termine dans le centre pastoral situ\u00e9 derri\u00e8re. En effet, \u00e0 l&rsquo;origine, la haute croix devait \u00eatre plac\u00e9e exactement sur l&rsquo;axe principal derri\u00e8re l&rsquo;\u00e9glise et \u00eatre suffisamment grande pour \u00eatre encore visible depuis la place. Mais lorsqu&rsquo;il a finalement \u00e9t\u00e9 d\u00e9cid\u00e9 de retirer l&rsquo;ancienne croix (haute d&rsquo;environ 22 m\u00e8tres), il a \u00e9galement \u00e9t\u00e9 d\u00e9cid\u00e9 de placer la nouvelle croix sur le c\u00f4t\u00e9 de l&rsquo;axe principal devant l&rsquo;\u00e9glise. Dans cette position, il \u00e9quilibre gracieusement les principales composantes de l&rsquo;ensemble, \u00e0 savoir le grand nouveau corps de b\u00e2timent, l&rsquo;axe central, la basilique d\u00e9j\u00e0 existante et la petite chapelle. En outre, son axe vertical contrebalance la masse horizontale du nouveau b\u00e2timent. Ainsi, la croix met en valeur la nouvelle \u00e9glise avec force et contribue largement \u00e0 la rendre plus belle et plus ferm\u00e9e sur elle-m\u00eame. S&rsquo;il \u00e9tait seul, sans b\u00e2timent en arri\u00e8re-plan, il aurait un tout autre caract\u00e8re et tr\u00e8s probablement un effet beaucoup plus faible. Je suis fermement convaincu que le r\u00e9sultat global est bien plus que la somme de ses deux parties.<\/p>\n<p>De plus, la transformation de la croix en un crucifix d&rsquo;une grande simplicit\u00e9 et d&rsquo;une grande abstraction lui a donn\u00e9 une signification plus profonde, d&rsquo;une beaut\u00e9 extraordinaire, qui se voit de loin. C&rsquo;est un point de rep\u00e8re qui, je pense, deviendra avec le temps un symbole de F\u00e1tima. La texture et le brun chaud de l&rsquo;acier corten carr\u00e9 soud\u00e9 s&rsquo;harmonisent parfaitement avec le beige discret des b\u00e2timents de F\u00e1tima recouverts de gr\u00e8s. Au coucher du soleil, l&rsquo;acier semble s&#8217;embraser, annon\u00e7ant l&rsquo;aube d&rsquo;un nouveau jour.<\/p>\n<p>Merci, Robert Schad, pour votre belle contribution \u00e0 F\u00e1tima. Ce fut un plaisir de travailler avec vous.[\/vc_column_text][\/vc_column][\/vc_row][vc_row unlock_row_content=\u00a0\u00bbyes\u00a0\u00bb row_height_percent=\u00a0\u00bb0&Prime; overlay_alpha=\u00a0\u00bb50&Prime; gutter_size=\u00a0\u00bb3&Prime; column_width_percent=\u00a0\u00bb100&Prime; shift_y=\u00a0\u00bb0&Prime; z_index=\u00a0\u00bb0&Prime; uncode_shortcode_id=\u00a0\u00bb186828&Prime; shape_dividers=\u00a0\u00bb\u00a0\u00bb][vc_column width=\u00a0\u00bb1\/1&Prime;][vc_gallery el_id=\u00a0\u00bbgallery-196752&Prime; medias=\u00a0\u00bb128,135,68,133,34,35,36,126,37,38,47,42,69,41,136,56,57,59,71,127,75,73,63,74,64,67&Prime; gutter_size=\u00a0\u00bb1&Prime; screen_lg=\u00a0\u00bb1000&Prime; screen_md=\u00a0\u00bb600&Prime; screen_sm=\u00a0\u00bb480&Prime; single_overlay_opacity=\u00a0\u00bb50&Prime; single_padding=\u00a0\u00bb2&Prime; single_border=\u00a0\u00bbyes\u00a0\u00bb uncode_shortcode_id=\u00a0\u00bb146382&Prime;][\/vc_column][\/vc_row][vc_row row_height_percent=\u00a0\u00bb0&Prime; override_padding=\u00a0\u00bbyes\u00a0\u00bb h_padding=\u00a0\u00bb2&Prime; top_padding=\u00a0\u00bb0&Prime; bottom_padding=\u00a0\u00bb0&Prime; overlay_alpha=\u00a0\u00bb50&Prime; gutter_size=\u00a0\u00bb3&Prime; column_width_percent=\u00a0\u00bb100&Prime; shift_y=\u00a0\u00bb0&Prime; z_index=\u00a0\u00bb0&Prime; uncode_shortcode_id=\u00a0\u00bb627808&Prime;][vc_column column_width_percent=\u00a0\u00bb100&Prime; position_vertical=\u00a0\u00bbmiddle\u00a0\u00bb align_horizontal=\u00a0\u00bbalign_center\u00a0\u00bb gutter_size=\u00a0\u00bb3&Prime; override_padding=\u00a0\u00bbyes\u00a0\u00bb column_padding=\u00a0\u00bb2&Prime; overlay_alpha=\u00a0\u00bb50&Prime; shift_x=\u00a0\u00bb0&Prime; shift_y=\u00a0\u00bb0&Prime; shift_y_down=\u00a0\u00bb0&Prime; z_index=\u00a0\u00bb0&Prime; medium_width=\u00a0\u00bb0&Prime; mobile_width=\u00a0\u00bb0&Prime; width=\u00a0\u00bb1\/1&Prime; uncode_shortcode_id=\u00a0\u00bb491184&Prime;][vc_button size=\u00a0\u00bblink\u00a0\u00bb btn_link_size=\u00a0\u00bbh3&Prime; btn_link_underline=\u00a0\u00bbbtn-underline\u00a0\u00bb link=\u00a0\u00bburl:https%3A%2F%2Ffatima.robertschad.eu%2Ffr%2Ftextes%2F|title:Le%20plus%20difficile%20est%20d%27exprimer%20la%20simplicit%C3%A9.|\u00a0\u00bb uncode_shortcode_id=\u00a0\u00bb132076&Prime;]Textes[\/vc_button][\/vc_column][\/vc_row]<\/p>\n<\/div>","protected":false},"excerpt":{"rendered":"<p>Alexandros N. Tombazis<\/p>\n","protected":false},"author":1,"featured_media":0,"parent":924,"menu_order":0,"comment_status":"closed","ping_status":"closed","template":"","meta":{"footnotes":""},"class_list":["post-944","page","type-page","status-publish","hentry"],"_links":{"self":[{"href":"https:\/\/fatima.robertschad.eu\/fr\/wp-json\/wp\/v2\/pages\/944","targetHints":{"allow":["GET"]}}],"collection":[{"href":"https:\/\/fatima.robertschad.eu\/fr\/wp-json\/wp\/v2\/pages"}],"about":[{"href":"https:\/\/fatima.robertschad.eu\/fr\/wp-json\/wp\/v2\/types\/page"}],"author":[{"embeddable":true,"href":"https:\/\/fatima.robertschad.eu\/fr\/wp-json\/wp\/v2\/users\/1"}],"replies":[{"embeddable":true,"href":"https:\/\/fatima.robertschad.eu\/fr\/wp-json\/wp\/v2\/comments?post=944"}],"version-history":[{"count":2,"href":"https:\/\/fatima.robertschad.eu\/fr\/wp-json\/wp\/v2\/pages\/944\/revisions"}],"predecessor-version":[{"id":946,"href":"https:\/\/fatima.robertschad.eu\/fr\/wp-json\/wp\/v2\/pages\/944\/revisions\/946"}],"up":[{"embeddable":true,"href":"https:\/\/fatima.robertschad.eu\/fr\/wp-json\/wp\/v2\/pages\/924"}],"wp:attachment":[{"href":"https:\/\/fatima.robertschad.eu\/fr\/wp-json\/wp\/v2\/media?parent=944"}],"curies":[{"name":"wp","href":"https:\/\/api.w.org\/{rel}","templated":true}]}}